{"id":7272,"date":"2021-06-29T12:36:09","date_gmt":"2021-06-29T09:36:09","guid":{"rendered":"https:\/\/vps.agria-zenithcropsciences.com\/product\/triomax-wp\/"},"modified":"2021-06-29T12:36:09","modified_gmt":"2021-06-29T09:36:09","slug":"triomax-wp","status":"publish","type":"product","link":"https:\/\/vps.agria-zenithcropsciences.com\/es\/product\/triomax-wp\/","title":{"rendered":"TRIOMAX WP"},"content":{"rendered":"","protected":false},"excerpt":{"rendered":"<p><strong>TRIOMAX WP <\/strong>es un fungicida que contiene ingredientes activos con diferente modo de acci\u00f3n, combina la acci\u00f3n sist\u00e9mica de cimoxanilo y la acci\u00f3n de contacto de mancozeb y Oxicloruro de cobre.<\/p>\n<p>Permite atajar el desarrollo del mildiu en la fase de incubaci\u00f3n, es decir, una vez ha penetrado el hongo en la planta, pero antes de la aparici\u00f3n de las manchas de aceite (de 3 a 5 d\u00edas). No obstante, para mayor seguridad, se recomienda utilizar el producto de forma preventiva y realizar los tratamientos seg\u00fan las caracter\u00edsticas de la zona, la climatolog\u00eda, y el desarrollo del cultivo y la enfermedad.<\/p>\n<p><strong>Composicion:<\/strong> 290 g\/kg Copper oxychloride + 120 g\/kg Mancozeb + 40 g\/kg Cymoxanil<\/p>\n<p><strong>Formulado como:<\/strong> <em>Polvo<\/em> Mojable (PM)<\/p>\n","protected":false},"featured_media":7270,"comment_status":"closed","ping_status":"closed","template":"","meta":[],"product_cat":[458,459],"product_tag":[],"_links":{"self":[{"href":"https:\/\/vps.agria-zenithcropsciences.com\/es\/wp-json\/wp\/v2\/product\/7272"}],"collection":[{"href":"https:\/\/vps.agria-zenithcropsciences.com\/es\/wp-json\/wp\/v2\/product"}],"about":[{"href":"https:\/\/vps.agria-zenithcropsciences.com\/es\/wp-json\/wp\/v2\/types\/product"}],"replies":[{"embeddable":true,"href":"https:\/\/vps.agria-zenithcropsciences.com\/es\/wp-json\/wp\/v2\/comments?post=7272"}],"wp:featuredmedia":[{"embeddable":true,"href":"https:\/\/vps.agria-zenithcropsciences.com\/es\/wp-json\/wp\/v2\/media\/7270"}],"wp:attachment":[{"href":"https:\/\/vps.agria-zenithcropsciences.com\/es\/wp-json\/wp\/v2\/media?parent=7272"}],"wp:term":[{"taxonomy":"product_cat","embeddable":true,"href":"https:\/\/vps.agria-zenithcropsciences.com\/es\/wp-json\/wp\/v2\/product_cat?post=7272"},{"taxonomy":"product_tag","embeddable":true,"href":"https:\/\/vps.agria-zenithcropsciences.com\/es\/wp-json\/wp\/v2\/product_tag?post=7272"}],"curies":[{"name":"wp","href":"https:\/\/api.w.org\/{rel}","templated":true}]}}