{"id":6623,"date":"2020-01-09T13:20:04","date_gmt":"2020-01-09T11:20:04","guid":{"rendered":"https:\/\/vps.agria-zenithcropsciences.com\/product\/mancozil-80-wp\/"},"modified":"2020-01-09T13:20:04","modified_gmt":"2020-01-09T11:20:04","slug":"mancozil-80-wp","status":"publish","type":"product","link":"https:\/\/vps.agria-zenithcropsciences.com\/es\/product\/mancozil-80-wp\/","title":{"rendered":"Mancozil\u00ae 80 WP"},"content":{"rendered":"","protected":false},"excerpt":{"rendered":"<p>Fungicida protector que est\u00e1 indicado para la prevenci\u00f3n de numerosas enfermedades fungosas de una amplia variedad de cultivos. Su acci\u00f3n es de contacto y preventiva.<\/p>\n<p><strong>Composicion:<\/strong> 800 g\/kg Mancozeb<\/p>\n<p><strong>Formulado como:<\/strong> <em>Polvo<\/em> Mojable (PM)<\/p>\n","protected":false},"featured_media":3293,"comment_status":"closed","ping_status":"closed","template":"","meta":[],"product_cat":[684,685],"product_tag":[],"_links":{"self":[{"href":"https:\/\/vps.agria-zenithcropsciences.com\/es\/wp-json\/wp\/v2\/product\/6623"}],"collection":[{"href":"https:\/\/vps.agria-zenithcropsciences.com\/es\/wp-json\/wp\/v2\/product"}],"about":[{"href":"https:\/\/vps.agria-zenithcropsciences.com\/es\/wp-json\/wp\/v2\/types\/product"}],"replies":[{"embeddable":true,"href":"https:\/\/vps.agria-zenithcropsciences.com\/es\/wp-json\/wp\/v2\/comments?post=6623"}],"wp:featuredmedia":[{"embeddable":true,"href":"https:\/\/vps.agria-zenithcropsciences.com\/es\/wp-json\/wp\/v2\/media\/3293"}],"wp:attachment":[{"href":"https:\/\/vps.agria-zenithcropsciences.com\/es\/wp-json\/wp\/v2\/media?parent=6623"}],"wp:term":[{"taxonomy":"product_cat","embeddable":true,"href":"https:\/\/vps.agria-zenithcropsciences.com\/es\/wp-json\/wp\/v2\/product_cat?post=6623"},{"taxonomy":"product_tag","embeddable":true,"href":"https:\/\/vps.agria-zenithcropsciences.com\/es\/wp-json\/wp\/v2\/product_tag?post=6623"}],"curies":[{"name":"wp","href":"https:\/\/api.w.org\/{rel}","templated":true}]}}