{"id":2308,"date":"2017-11-20T16:01:46","date_gmt":"2017-11-20T14:01:46","guid":{"rendered":"http:\/\/vps.agria-zenithcropsciences.com\/product\/%d1%80%d0%b8%d0%b2%d0%b0%d0%bb\/"},"modified":"2021-10-12T13:54:45","modified_gmt":"2021-10-12T10:54:45","slug":"rival-18","status":"publish","type":"product","link":"https:\/\/vps.agria-zenithcropsciences.com\/es\/product\/rival-18\/","title":{"rendered":"RIVAL\u00ae"},"content":{"rendered":"","protected":false},"excerpt":{"rendered":"<p><strong>SUSTANCIA ACTIVA<\/strong>: 722g\/l de <em>Propamocarb clorhidrato<\/em><br \/>\n<strong>FORMULACION<\/strong>: Concentrado soluble<br \/>\n`<strong>VENTAJAS:<\/strong><\/p>\n<ul>\n<li>Acci\u00f3n sist\u00e9mica: se propaga ascendi\u00e9ndose desde la ra\u00edz hasta la parte superior de la planta;<\/li>\n<li>Formulaci\u00f3n liquida;<\/li>\n<\/ul>\n","protected":false},"featured_media":8222,"comment_status":"open","ping_status":"closed","template":"","meta":[],"product_cat":[128],"product_tag":[],"_links":{"self":[{"href":"https:\/\/vps.agria-zenithcropsciences.com\/es\/wp-json\/wp\/v2\/product\/2308"}],"collection":[{"href":"https:\/\/vps.agria-zenithcropsciences.com\/es\/wp-json\/wp\/v2\/product"}],"about":[{"href":"https:\/\/vps.agria-zenithcropsciences.com\/es\/wp-json\/wp\/v2\/types\/product"}],"replies":[{"embeddable":true,"href":"https:\/\/vps.agria-zenithcropsciences.com\/es\/wp-json\/wp\/v2\/comments?post=2308"}],"wp:featuredmedia":[{"embeddable":true,"href":"https:\/\/vps.agria-zenithcropsciences.com\/es\/wp-json\/wp\/v2\/media\/8222"}],"wp:attachment":[{"href":"https:\/\/vps.agria-zenithcropsciences.com\/es\/wp-json\/wp\/v2\/media?parent=2308"}],"wp:term":[{"taxonomy":"product_cat","embeddable":true,"href":"https:\/\/vps.agria-zenithcropsciences.com\/es\/wp-json\/wp\/v2\/product_cat?post=2308"},{"taxonomy":"product_tag","embeddable":true,"href":"https:\/\/vps.agria-zenithcropsciences.com\/es\/wp-json\/wp\/v2\/product_tag?post=2308"}],"curies":[{"name":"wp","href":"https:\/\/api.w.org\/{rel}","templated":true}]}}