{"id":2186,"date":"2017-08-29T23:34:16","date_gmt":"2017-08-29T20:34:16","guid":{"rendered":"http:\/\/vps.agria-zenithcropsciences.com\/product\/%d1%88%d0%b5%d1%80%d0%bf%d0%b0-100-%d0%b5%d0%ba\/"},"modified":"2017-11-07T15:14:45","modified_gmt":"2017-11-07T13:14:45","slug":"sherpa-100-ec","status":"publish","type":"product","link":"https:\/\/vps.agria-zenithcropsciences.com\/es\/product\/sherpa-100-ec\/","title":{"rendered":"SHERPA 100 EC"},"content":{"rendered":"","protected":false},"excerpt":{"rendered":"<p>Insecticida Piretroide con acci\u00f3n inicial r\u00e1pida para combatir un gran n\u00famero de plagas en cultivos de frutas, cultivos de campo, vegetales y t\u00e9cnicos<br \/>\n<strong>SUSTANCIA ACTIVA:<\/strong> 100 g \/ l de cipermetrina<br \/>\n<strong>FORMULACI\u00d3N<\/strong>: Emulsi\u00f3n concentrada<\/p>\n<p><strong>\u041f\u0420\u0415\u0414\u0418\u041c\u0421\u0422\u0412\u0410:<\/strong><\/p>\n<ul>\n<li>De acci\u00f3n r\u00e1pida, poderoso insecticida &#8211; en una hora despu\u00e9s de la aplicaci\u00f3n la mayor\u00eda de los enemigos mueren.<\/li>\n<\/ul>\n","protected":false},"featured_media":8267,"comment_status":"open","ping_status":"closed","template":"","meta":[],"product_cat":[139],"product_tag":[],"_links":{"self":[{"href":"https:\/\/vps.agria-zenithcropsciences.com\/es\/wp-json\/wp\/v2\/product\/2186"}],"collection":[{"href":"https:\/\/vps.agria-zenithcropsciences.com\/es\/wp-json\/wp\/v2\/product"}],"about":[{"href":"https:\/\/vps.agria-zenithcropsciences.com\/es\/wp-json\/wp\/v2\/types\/product"}],"replies":[{"embeddable":true,"href":"https:\/\/vps.agria-zenithcropsciences.com\/es\/wp-json\/wp\/v2\/comments?post=2186"}],"wp:featuredmedia":[{"embeddable":true,"href":"https:\/\/vps.agria-zenithcropsciences.com\/es\/wp-json\/wp\/v2\/media\/8267"}],"wp:attachment":[{"href":"https:\/\/vps.agria-zenithcropsciences.com\/es\/wp-json\/wp\/v2\/media?parent=2186"}],"wp:term":[{"taxonomy":"product_cat","embeddable":true,"href":"https:\/\/vps.agria-zenithcropsciences.com\/es\/wp-json\/wp\/v2\/product_cat?post=2186"},{"taxonomy":"product_tag","embeddable":true,"href":"https:\/\/vps.agria-zenithcropsciences.com\/es\/wp-json\/wp\/v2\/product_tag?post=2186"}],"curies":[{"name":"wp","href":"https:\/\/api.w.org\/{rel}","templated":true}]}}