{"id":1898,"date":"2017-08-04T13:45:50","date_gmt":"2017-08-04T10:45:50","guid":{"rendered":"http:\/\/vps.agria-zenithcropsciences.com\/product\/%d1%84%d1%83%d0%bd%d0%b3%d1%83%d1%80%d0%b0%d0%bd-%d0%be%d0%bd-50-%d0%b2%d0%bf\/"},"modified":"2017-11-02T16:56:21","modified_gmt":"2017-11-02T14:56:21","slug":"funguran-oh-50-wp","status":"publish","type":"product","link":"https:\/\/vps.agria-zenithcropsciences.com\/es\/product\/funguran-oh-50-wp\/","title":{"rendered":"FUNGURAN OH 50 WP"},"content":{"rendered":"","protected":false},"excerpt":{"rendered":"<p>Fungicida de cobre de amplio espectro. En el tratamiento de los cultivos el Funguran OH 50 WP, bloquea el desarrollo y la divisi\u00f3n de esporas y bacterias.<\/p>\n<p><strong>SUSTANCIAS ACTIVAS:<\/strong> 77% de hidr\u00f3xido de cobre correspondiente al 50% de cobre puro<br \/>\n<strong>VENTAJAS:<\/strong> Debido a la forma de aguja de los cristales del hidr\u00f3xido de cobre el Funguran OH 50 WP se adhiere firmemente a las plantas, para asegurar su protecci\u00f3n contra una serie de enfermedades econ\u00f3micamente importantes. La presencia de iones Cu\u00b2 + ion determina la actividad fungicida y bactericida del producto en diferentes cultivos.<\/p>\n","protected":false},"featured_media":8216,"comment_status":"open","ping_status":"closed","template":"","meta":[],"product_cat":[128],"product_tag":[],"_links":{"self":[{"href":"https:\/\/vps.agria-zenithcropsciences.com\/es\/wp-json\/wp\/v2\/product\/1898"}],"collection":[{"href":"https:\/\/vps.agria-zenithcropsciences.com\/es\/wp-json\/wp\/v2\/product"}],"about":[{"href":"https:\/\/vps.agria-zenithcropsciences.com\/es\/wp-json\/wp\/v2\/types\/product"}],"replies":[{"embeddable":true,"href":"https:\/\/vps.agria-zenithcropsciences.com\/es\/wp-json\/wp\/v2\/comments?post=1898"}],"wp:featuredmedia":[{"embeddable":true,"href":"https:\/\/vps.agria-zenithcropsciences.com\/es\/wp-json\/wp\/v2\/media\/8216"}],"wp:attachment":[{"href":"https:\/\/vps.agria-zenithcropsciences.com\/es\/wp-json\/wp\/v2\/media?parent=1898"}],"wp:term":[{"taxonomy":"product_cat","embeddable":true,"href":"https:\/\/vps.agria-zenithcropsciences.com\/es\/wp-json\/wp\/v2\/product_cat?post=1898"},{"taxonomy":"product_tag","embeddable":true,"href":"https:\/\/vps.agria-zenithcropsciences.com\/es\/wp-json\/wp\/v2\/product_tag?post=1898"}],"curies":[{"name":"wp","href":"https:\/\/api.w.org\/{rel}","templated":true}]}}