{"id":1889,"date":"2017-08-05T00:42:24","date_gmt":"2017-08-04T21:42:24","guid":{"rendered":"http:\/\/vps.agria-zenithcropsciences.com\/product\/%d0%b1%d1%80%d0%b8%d0%b7-125-%d0%b5%d0%ba\/"},"modified":"2017-11-02T14:35:12","modified_gmt":"2017-11-02T12:35:12","slug":"breeze-125-ec","status":"publish","type":"product","link":"https:\/\/vps.agria-zenithcropsciences.com\/es\/product\/breeze-125-ec\/","title":{"rendered":"Breeze 12,5 EC"},"content":{"rendered":"","protected":false},"excerpt":{"rendered":"<p>Fungicida de amplio espectro del grupo de triazoles con curaci\u00f3n y acci\u00f3n protectora.<br \/>\nAct\u00faa contra la bios\u00edntesis del ergosterol de los pat\u00f3genos.<\/p>\n<p><strong>SUSTANCIA ACTIVA: :<\/strong> 125 g \/ l de flutriafol<br \/>\n<strong>FORMULACI\u00d3N:<\/strong> Concentrado de suspensi\u00f3n<br \/>\n<strong>VENTAJAS:<\/strong> Baja dosis de aplicaci\u00f3n que conduce a una alta eficiencia econ\u00f3mica. R\u00e1pidamente penetra en el follaje y no se lava. Asegura una translocaci\u00f3n uniforme a todas partes de la planta. Efecto por evaporaci\u00f3n<\/p>\n","protected":false},"featured_media":1890,"comment_status":"open","ping_status":"closed","template":"","meta":[],"product_cat":[128],"product_tag":[],"_links":{"self":[{"href":"https:\/\/vps.agria-zenithcropsciences.com\/es\/wp-json\/wp\/v2\/product\/1889"}],"collection":[{"href":"https:\/\/vps.agria-zenithcropsciences.com\/es\/wp-json\/wp\/v2\/product"}],"about":[{"href":"https:\/\/vps.agria-zenithcropsciences.com\/es\/wp-json\/wp\/v2\/types\/product"}],"replies":[{"embeddable":true,"href":"https:\/\/vps.agria-zenithcropsciences.com\/es\/wp-json\/wp\/v2\/comments?post=1889"}],"wp:featuredmedia":[{"embeddable":true,"href":"https:\/\/vps.agria-zenithcropsciences.com\/es\/wp-json\/wp\/v2\/media\/1890"}],"wp:attachment":[{"href":"https:\/\/vps.agria-zenithcropsciences.com\/es\/wp-json\/wp\/v2\/media?parent=1889"}],"wp:term":[{"taxonomy":"product_cat","embeddable":true,"href":"https:\/\/vps.agria-zenithcropsciences.com\/es\/wp-json\/wp\/v2\/product_cat?post=1889"},{"taxonomy":"product_tag","embeddable":true,"href":"https:\/\/vps.agria-zenithcropsciences.com\/es\/wp-json\/wp\/v2\/product_tag?post=1889"}],"curies":[{"name":"wp","href":"https:\/\/api.w.org\/{rel}","templated":true}]}}