{"id":1879,"date":"2017-05-09T17:24:10","date_gmt":"2017-05-09T14:24:10","guid":{"rendered":"http:\/\/vps.agria-zenithcropsciences.com\/product\/%d0%bb%d0%be%d0%b3%d0%be%d1%81-4-%d1%81%d0%ba\/"},"modified":"2017-11-02T12:32:44","modified_gmt":"2017-11-02T10:32:44","slug":"logos-4-sc","status":"publish","type":"product","link":"https:\/\/vps.agria-zenithcropsciences.com\/es\/product\/logos-4-sc\/","title":{"rendered":"LOGOS 4 SC"},"content":{"rendered":"","protected":false},"excerpt":{"rendered":"<p>Un herbicida selectivo, sist\u00e9mico y frondoso que controla con \u00e9xito las malas hierbas econ\u00f3micamente importantes en el ma\u00edz, como la corteza de semillas y rizomas, el pait\u00e9n, la mostaza de campo y bledo arrastrado.<br \/>\n<strong>SUSTANCIAS ACTIVAS:<\/strong> 40 g \/ l de nicosulfur\u00f3n, formulado como un concentrado en suspensi\u00f3n<br \/>\n<strong>FORMULACI\u00d3N:<\/strong> Concentrado en suspensi\u00f3n<\/p>\n","protected":false},"featured_media":1880,"comment_status":"open","ping_status":"closed","template":"","meta":[],"product_cat":[127],"product_tag":[],"_links":{"self":[{"href":"https:\/\/vps.agria-zenithcropsciences.com\/es\/wp-json\/wp\/v2\/product\/1879"}],"collection":[{"href":"https:\/\/vps.agria-zenithcropsciences.com\/es\/wp-json\/wp\/v2\/product"}],"about":[{"href":"https:\/\/vps.agria-zenithcropsciences.com\/es\/wp-json\/wp\/v2\/types\/product"}],"replies":[{"embeddable":true,"href":"https:\/\/vps.agria-zenithcropsciences.com\/es\/wp-json\/wp\/v2\/comments?post=1879"}],"wp:featuredmedia":[{"embeddable":true,"href":"https:\/\/vps.agria-zenithcropsciences.com\/es\/wp-json\/wp\/v2\/media\/1880"}],"wp:attachment":[{"href":"https:\/\/vps.agria-zenithcropsciences.com\/es\/wp-json\/wp\/v2\/media?parent=1879"}],"wp:term":[{"taxonomy":"product_cat","embeddable":true,"href":"https:\/\/vps.agria-zenithcropsciences.com\/es\/wp-json\/wp\/v2\/product_cat?post=1879"},{"taxonomy":"product_tag","embeddable":true,"href":"https:\/\/vps.agria-zenithcropsciences.com\/es\/wp-json\/wp\/v2\/product_tag?post=1879"}],"curies":[{"name":"wp","href":"https:\/\/api.w.org\/{rel}","templated":true}]}}