{"id":1873,"date":"2017-08-05T15:05:36","date_gmt":"2017-08-05T12:05:36","guid":{"rendered":"http:\/\/vps.agria-zenithcropsciences.com\/product\/%d1%81%d0%bc%d0%b5%d1%80%d1%87-24-%d0%b5%d0%ba\/"},"modified":"2017-11-02T00:26:40","modified_gmt":"2017-11-01T22:26:40","slug":"smerch-24-ec","status":"publish","type":"product","link":"https:\/\/vps.agria-zenithcropsciences.com\/es\/product\/smerch-24-ec\/","title":{"rendered":"Smerch 24 EC"},"content":{"rendered":"","protected":false},"excerpt":{"rendered":"<p>Herbicida sist\u00e9mico y selectivo para el suelo y la hoja, dise\u00f1ado para combatir las malas hierbas anuales y perennes de los cereales.<\/p>\n<p><strong>SUSTANCIA ACTIVA:<\/strong> 240 g \/ l de Oxyfluorfen<br \/>\n<strong>FORMULACI\u00d3N: <\/strong>Emulsi\u00f3n concentrada<br \/>\n<strong>VENTAJAS:<\/strong> Control total de una amplia gama de malas hierbas econ\u00f3micamente importantes. Un efecto duradero que protege los cultivos casi hasta el final de su vegetaci\u00f3n. Las propiedades del suelo no afectan significativamente la acci\u00f3n herbicida de <strong>Smerch 24 EC<\/strong>. La lluvia intensifica la acci\u00f3n del producto.<\/p>\n","protected":false},"featured_media":8198,"comment_status":"open","ping_status":"closed","template":"","meta":[],"product_cat":[127],"product_tag":[],"_links":{"self":[{"href":"https:\/\/vps.agria-zenithcropsciences.com\/es\/wp-json\/wp\/v2\/product\/1873"}],"collection":[{"href":"https:\/\/vps.agria-zenithcropsciences.com\/es\/wp-json\/wp\/v2\/product"}],"about":[{"href":"https:\/\/vps.agria-zenithcropsciences.com\/es\/wp-json\/wp\/v2\/types\/product"}],"replies":[{"embeddable":true,"href":"https:\/\/vps.agria-zenithcropsciences.com\/es\/wp-json\/wp\/v2\/comments?post=1873"}],"wp:featuredmedia":[{"embeddable":true,"href":"https:\/\/vps.agria-zenithcropsciences.com\/es\/wp-json\/wp\/v2\/media\/8198"}],"wp:attachment":[{"href":"https:\/\/vps.agria-zenithcropsciences.com\/es\/wp-json\/wp\/v2\/media?parent=1873"}],"wp:term":[{"taxonomy":"product_cat","embeddable":true,"href":"https:\/\/vps.agria-zenithcropsciences.com\/es\/wp-json\/wp\/v2\/product_cat?post=1873"},{"taxonomy":"product_tag","embeddable":true,"href":"https:\/\/vps.agria-zenithcropsciences.com\/es\/wp-json\/wp\/v2\/product_tag?post=1873"}],"curies":[{"name":"wp","href":"https:\/\/api.w.org\/{rel}","templated":true}]}}