{"id":1870,"date":"2017-08-05T15:11:52","date_gmt":"2017-08-05T12:11:52","guid":{"rendered":"http:\/\/vps.agria-zenithcropsciences.com\/product\/%d0%bd%d0%b0%d1%81%d0%b0-360-%d1%81%d0%bb\/"},"modified":"2017-11-02T00:09:17","modified_gmt":"2017-11-01T22:09:17","slug":"nasa-360-sl","status":"publish","type":"product","link":"https:\/\/vps.agria-zenithcropsciences.com\/es\/product\/nasa-360-sl\/","title":{"rendered":"NASA 360 SL"},"content":{"rendered":"","protected":false},"excerpt":{"rendered":"<p>Total herbicida sist\u00e9mico de hojas. Destruye tanto las partes superiores como el sistema de ra\u00edces de malas hierbas.<\/p>\n<p><strong>SUSTANCIA ACTIVA:<\/strong> 360 g \/ l de glifosato<br \/>\n<strong>FORMULACI\u00d3N: <\/strong>Concentrado soluble<br \/>\n<strong>VENTAJAS:\u00a0<\/strong>Destruye tanto las partes superiores como el sistema de ra\u00edces de las malas hierbas. La falta de selectividad permite controlar simult\u00e1neamente el trigo y las malezas de hoja ancha. El efecto sobre las malezas de un a\u00f1o se produce en 3-4 d\u00edas. La acci\u00f3n sobre las malezas de varios a\u00f1os ocurre durante 15-20 d\u00edas. No hay ning\u00fan efecto perjudicial sobre los cultivos posteriores en la rotaci\u00f3n de cultivos. Persistencia corta en el suelo &#8211; hasta 2 semanas.<\/p>\n","protected":false},"featured_media":8173,"comment_status":"open","ping_status":"closed","template":"","meta":[],"product_cat":[127],"product_tag":[],"_links":{"self":[{"href":"https:\/\/vps.agria-zenithcropsciences.com\/es\/wp-json\/wp\/v2\/product\/1870"}],"collection":[{"href":"https:\/\/vps.agria-zenithcropsciences.com\/es\/wp-json\/wp\/v2\/product"}],"about":[{"href":"https:\/\/vps.agria-zenithcropsciences.com\/es\/wp-json\/wp\/v2\/types\/product"}],"replies":[{"embeddable":true,"href":"https:\/\/vps.agria-zenithcropsciences.com\/es\/wp-json\/wp\/v2\/comments?post=1870"}],"wp:featuredmedia":[{"embeddable":true,"href":"https:\/\/vps.agria-zenithcropsciences.com\/es\/wp-json\/wp\/v2\/media\/8173"}],"wp:attachment":[{"href":"https:\/\/vps.agria-zenithcropsciences.com\/es\/wp-json\/wp\/v2\/media?parent=1870"}],"wp:term":[{"taxonomy":"product_cat","embeddable":true,"href":"https:\/\/vps.agria-zenithcropsciences.com\/es\/wp-json\/wp\/v2\/product_cat?post=1870"},{"taxonomy":"product_tag","embeddable":true,"href":"https:\/\/vps.agria-zenithcropsciences.com\/es\/wp-json\/wp\/v2\/product_tag?post=1870"}],"curies":[{"name":"wp","href":"https:\/\/api.w.org\/{rel}","templated":true}]}}