{"id":7015,"date":"2020-09-02T20:54:39","date_gmt":"2020-09-02T17:54:39","guid":{"rendered":"https:\/\/vps.agria-zenithcropsciences.com\/?post_type=product&#038;p=7015\/"},"modified":"2020-09-02T21:27:24","modified_gmt":"2020-09-02T18:27:24","slug":"cymobul","status":"publish","type":"product","link":"https:\/\/vps.agria-zenithcropsciences.com\/en\/product\/cymobul\/","title":{"rendered":"CYMOBUL"},"content":{"rendered":"","protected":false},"excerpt":{"rendered":"<p><strong>CYMOBUL<\/strong> es un fungicida de acci\u00f3n preventiva y curativa cuando el hongo est\u00e1 en la fase de inoculaci\u00f3n. Posee acci\u00f3n sist\u00e9mica local, lo cual mejora su efecto, especialmente durante per\u00edodos de alta presi\u00f3n de la enfermedad. Su forma de empleo es de aplicaci\u00f3n foliar.<\/p>\n<p><strong>Composicion:<\/strong> 700 g\/kg Mancozeb y 60 g\/kg Cymoxanil<\/p>\n<p><strong>Formulado como:<\/strong> <em>Polvo<\/em> Mojable (PM)<\/p>\n","protected":false},"featured_media":7019,"comment_status":"closed","ping_status":"closed","template":"","meta":[],"product_cat":[171,172],"product_tag":[],"_links":{"self":[{"href":"https:\/\/vps.agria-zenithcropsciences.com\/en\/wp-json\/wp\/v2\/product\/7015"}],"collection":[{"href":"https:\/\/vps.agria-zenithcropsciences.com\/en\/wp-json\/wp\/v2\/product"}],"about":[{"href":"https:\/\/vps.agria-zenithcropsciences.com\/en\/wp-json\/wp\/v2\/types\/product"}],"replies":[{"embeddable":true,"href":"https:\/\/vps.agria-zenithcropsciences.com\/en\/wp-json\/wp\/v2\/comments?post=7015"}],"wp:featuredmedia":[{"embeddable":true,"href":"https:\/\/vps.agria-zenithcropsciences.com\/en\/wp-json\/wp\/v2\/media\/7019"}],"wp:attachment":[{"href":"https:\/\/vps.agria-zenithcropsciences.com\/en\/wp-json\/wp\/v2\/media?parent=7015"}],"wp:term":[{"taxonomy":"product_cat","embeddable":true,"href":"https:\/\/vps.agria-zenithcropsciences.com\/en\/wp-json\/wp\/v2\/product_cat?post=7015"},{"taxonomy":"product_tag","embeddable":true,"href":"https:\/\/vps.agria-zenithcropsciences.com\/en\/wp-json\/wp\/v2\/product_tag?post=7015"}],"curies":[{"name":"wp","href":"https:\/\/api.w.org\/{rel}","templated":true}]}}