{"id":6622,"date":"2020-01-09T13:17:21","date_gmt":"2020-01-09T11:17:21","guid":{"rendered":"https:\/\/vps.agria-zenithcropsciences.com\/product\/cimox\/"},"modified":"2020-01-09T13:17:21","modified_gmt":"2020-01-09T11:17:21","slug":"cimox","status":"publish","type":"product","link":"https:\/\/vps.agria-zenithcropsciences.com\/en\/product\/cimox\/","title":{"rendered":"Cimox\u00ae"},"content":{"rendered":"","protected":false},"excerpt":{"rendered":"<p>Fungicida de contacto y sist\u00e9mico para el Control del Tiz\u00f3n Tard\u00edo en Papa y Tomate y el Mildi\u00fa de las Cucurbit\u00e1ceas y Cebolla<\/p>\n<p><strong>Composicion:<\/strong> 640 g\/kg Mancozeb + 80 g\/kg Cymoxanil<\/p>\n<p><strong>Formulado como:<\/strong> <em>Polvo<\/em> Mojable (PM)<\/p>\n","protected":false},"featured_media":3310,"comment_status":"closed","ping_status":"closed","template":"","meta":[],"product_cat":[681,683],"product_tag":[],"_links":{"self":[{"href":"https:\/\/vps.agria-zenithcropsciences.com\/en\/wp-json\/wp\/v2\/product\/6622"}],"collection":[{"href":"https:\/\/vps.agria-zenithcropsciences.com\/en\/wp-json\/wp\/v2\/product"}],"about":[{"href":"https:\/\/vps.agria-zenithcropsciences.com\/en\/wp-json\/wp\/v2\/types\/product"}],"replies":[{"embeddable":true,"href":"https:\/\/vps.agria-zenithcropsciences.com\/en\/wp-json\/wp\/v2\/comments?post=6622"}],"wp:featuredmedia":[{"embeddable":true,"href":"https:\/\/vps.agria-zenithcropsciences.com\/en\/wp-json\/wp\/v2\/media\/3310"}],"wp:attachment":[{"href":"https:\/\/vps.agria-zenithcropsciences.com\/en\/wp-json\/wp\/v2\/media?parent=6622"}],"wp:term":[{"taxonomy":"product_cat","embeddable":true,"href":"https:\/\/vps.agria-zenithcropsciences.com\/en\/wp-json\/wp\/v2\/product_cat?post=6622"},{"taxonomy":"product_tag","embeddable":true,"href":"https:\/\/vps.agria-zenithcropsciences.com\/en\/wp-json\/wp\/v2\/product_tag?post=6622"}],"curies":[{"name":"wp","href":"https:\/\/api.w.org\/{rel}","templated":true}]}}