{"id":6539,"date":"2020-01-10T21:48:16","date_gmt":"2020-01-10T19:48:16","guid":{"rendered":"https:\/\/vps.agria-zenithcropsciences.com\/product\/fortuna-globo-75-wdg\/"},"modified":"2020-01-10T21:48:16","modified_gmt":"2020-01-10T19:48:16","slug":"fortuna-globo-75-wdg","status":"publish","type":"product","link":"https:\/\/vps.agria-zenithcropsciences.com\/en\/product\/fortuna-globo-75-wdg\/","title":{"rendered":"Fortuna\u00ae Globo 75 WDG"},"content":{"rendered":"","protected":false},"excerpt":{"rendered":"<p>Fungicida protector que est\u00e1 indicado para la prevenci\u00f3n de numerosas enfermedades fungosas de una amplia variedad de cultivos. Su acci\u00f3n es de contacto y preventiva.<strong>\u00a0<\/strong><\/p>\n<p><strong>Composicion:<\/strong> 750 g\/kg Mancozeb<strong>\u00a0<\/strong><\/p>\n<p><strong>Formulado como:<\/strong> Gr\u00e1nulos Dispersables (<em>WG<\/em>)<\/p>\n<p><strong>APLICACIONES<\/strong><strong>: Contacte a nuestro equipo<\/strong><strong> &#8211; <\/strong><a href=\"mailto:info@agria.bg\">info@agria.bg<\/a><\/p>\n","protected":false},"featured_media":4159,"comment_status":"closed","ping_status":"closed","template":"","meta":[],"product_cat":[456,457],"product_tag":[],"_links":{"self":[{"href":"https:\/\/vps.agria-zenithcropsciences.com\/en\/wp-json\/wp\/v2\/product\/6539"}],"collection":[{"href":"https:\/\/vps.agria-zenithcropsciences.com\/en\/wp-json\/wp\/v2\/product"}],"about":[{"href":"https:\/\/vps.agria-zenithcropsciences.com\/en\/wp-json\/wp\/v2\/types\/product"}],"replies":[{"embeddable":true,"href":"https:\/\/vps.agria-zenithcropsciences.com\/en\/wp-json\/wp\/v2\/comments?post=6539"}],"wp:featuredmedia":[{"embeddable":true,"href":"https:\/\/vps.agria-zenithcropsciences.com\/en\/wp-json\/wp\/v2\/media\/4159"}],"wp:attachment":[{"href":"https:\/\/vps.agria-zenithcropsciences.com\/en\/wp-json\/wp\/v2\/media?parent=6539"}],"wp:term":[{"taxonomy":"product_cat","embeddable":true,"href":"https:\/\/vps.agria-zenithcropsciences.com\/en\/wp-json\/wp\/v2\/product_cat?post=6539"},{"taxonomy":"product_tag","embeddable":true,"href":"https:\/\/vps.agria-zenithcropsciences.com\/en\/wp-json\/wp\/v2\/product_tag?post=6539"}],"curies":[{"name":"wp","href":"https:\/\/api.w.org\/{rel}","templated":true}]}}