{"id":6081,"date":"2020-01-10T21:52:09","date_gmt":"2020-01-10T19:52:09","guid":{"rendered":"https:\/\/vps.agria-zenithcropsciences.com\/product\/agria-zineb-wp\/"},"modified":"2020-04-10T17:42:15","modified_gmt":"2020-04-10T14:42:15","slug":"agria-zineb-wp","status":"publish","type":"product","link":"https:\/\/vps.agria-zenithcropsciences.com\/en\/product\/agria-zineb-wp\/","title":{"rendered":"Agria Zineb WP"},"content":{"rendered":"","protected":false},"excerpt":{"rendered":"<p>Funguicida de contacto y preventivo de amplio espectro el cual no permite la aparici\u00f3n de fen\u00f3menos de resistencia. Este producto puede usarse con la mayor\u00eda de los insecticidas y funguicidas. Posee efecto acaricida.<\/p>\n<p><strong>Composicion:<\/strong> 700 g\/kg Zineb y 800 g\/kg Zineb<\/p>\n<p><strong>Formulado como:<\/strong> <em>Polvo<\/em> Mojable (PM)<\/p>\n","protected":false},"featured_media":3347,"comment_status":"closed","ping_status":"closed","template":"","meta":[],"product_cat":[456,457],"product_tag":[],"_links":{"self":[{"href":"https:\/\/vps.agria-zenithcropsciences.com\/en\/wp-json\/wp\/v2\/product\/6081"}],"collection":[{"href":"https:\/\/vps.agria-zenithcropsciences.com\/en\/wp-json\/wp\/v2\/product"}],"about":[{"href":"https:\/\/vps.agria-zenithcropsciences.com\/en\/wp-json\/wp\/v2\/types\/product"}],"replies":[{"embeddable":true,"href":"https:\/\/vps.agria-zenithcropsciences.com\/en\/wp-json\/wp\/v2\/comments?post=6081"}],"wp:featuredmedia":[{"embeddable":true,"href":"https:\/\/vps.agria-zenithcropsciences.com\/en\/wp-json\/wp\/v2\/media\/3347"}],"wp:attachment":[{"href":"https:\/\/vps.agria-zenithcropsciences.com\/en\/wp-json\/wp\/v2\/media?parent=6081"}],"wp:term":[{"taxonomy":"product_cat","embeddable":true,"href":"https:\/\/vps.agria-zenithcropsciences.com\/en\/wp-json\/wp\/v2\/product_cat?post=6081"},{"taxonomy":"product_tag","embeddable":true,"href":"https:\/\/vps.agria-zenithcropsciences.com\/en\/wp-json\/wp\/v2\/product_tag?post=6081"}],"curies":[{"name":"wp","href":"https:\/\/api.w.org\/{rel}","templated":true}]}}